{"id":2,"date":"2016-03-10T22:39:24","date_gmt":"2016-03-10T21:39:24","guid":{"rendered":"http:\/\/lacabaneauxfamilles.fr\/?page_id=2"},"modified":"2026-01-19T15:29:18","modified_gmt":"2026-01-19T14:29:18","slug":"page-d-exemple","status":"publish","type":"page","link":"https:\/\/lacabaneauxfamilles.fr\/","title":{"rendered":""},"content":{"rendered":"<p>[vc_row el_id=\u00a0\u00bbpresentation\u00a0\u00bb css=\u00a0\u00bb.vc_custom_1462921935789{background-color: #ec7328 !important;border-radius: 5px !important;}\u00a0\u00bb][vc_column][vc_row_inner][vc_column_inner][vc_empty_space][\/vc_column_inner][\/vc_row_inner][vc_row_inner][vc_column_inner width=\u00a0\u00bb1\/4&Prime;][vc_icon icon_fontawesome=\u00a0\u00bbfa fa-odnoklassniki\u00a0\u00bb color=\u00a0\u00bbwhite\u00a0\u00bb size=\u00a0\u00bbxl\u00a0\u00bb align=\u00a0\u00bbcenter\u00a0\u00bb][\/vc_column_inner][vc_column_inner width=\u00a0\u00bb1\/2&Prime;][vc_custom_heading text=\u00a0\u00bbLa Cabane aux Familles : kezako ?\u00a0\u00bb font_container=\u00a0\u00bbtag:h2|text_align:left|color:%23ffffff\u00a0\u00bb google_fonts=\u00a0\u00bbfont_family:Istok%20Web%3Aregular%2Citalic%2C700%2C700italic|font_style:400%20regular%3A400%3Anormal\u00a0\u00bb][\/vc_column_inner][vc_column_inner width=\u00a0\u00bb1\/4&Prime;][vc_icon icon_fontawesome=\u00a0\u00bbfa fa-odnoklassniki\u00a0\u00bb color=\u00a0\u00bbwhite\u00a0\u00bb size=\u00a0\u00bbxl\u00a0\u00bb align=\u00a0\u00bbcenter\u00a0\u00bb][\/vc_column_inner][\/vc_row_inner][vc_column_text css_animation=\u00a0\u00bbbottom-to-top\u00a0\u00bb]<\/p>\n<div class=\"entry-content\">\n<div class=\"vc_row wpb_row vc_row-fluid\">\n<div class=\"wpb_column vc_column_container vc_col-sm-12\">\n<div class=\"vc_column-inner \">\n<div class=\"wpb_wrapper\">\n<div class=\"wpb_text_column wpb_content_element \">\n<div class=\"wpb_wrapper\">\n<p>La Cabane aux Familles propose d\u2019accueillir vos enfants \u00e2g\u00e9s de 10 semaines \u00e0 3 ans dans un cadre familial et convivial, avec possibilit\u00e9 d\u2019accueillir ponctuellement \u00e9galement les fr\u00e8res et soeurs jusqu\u2019\u00e0 5 ans en accueil p\u00e9riscolaire. Notre \u00e9quipe de professionnels exp\u00e9riment\u00e9s et\u00a0 qualifi\u00e9s de la Petite Enfance se consacrera exclusivement \u00e0 assurer la s\u00e9curit\u00e9, le bien-\u00eatre et\u00a0 l\u2019\u00e9panouissement de chacun des enfants.\u00a0 Limit\u00e9 \u00e0 12 places d\u2019accueil par structure,\u00a0 nous pouvons vous proposer un accueil individualis\u00e9 de qualit\u00e9, bas\u00e9 sur des valeurs p\u00e9dagogique fortes:<\/p>\n<ul>\n<li>de respect de chaque enfant et de son individualit\u00e9<\/li>\n<li>d\u2019un accompagnement de l\u2019enfant dans son d\u00e9veloppement<\/li>\n<li>de la mise en place d\u2019un environnement propice \u00e0 ses d\u00e9couvertes<\/li>\n<li>de sensibilisation \u00e0 la Nature<\/li>\n<\/ul>\n<\/div>\n<\/div>\n<\/div>\n<\/div>\n<\/div>\n<\/div>\n<\/div>\n<p>[\/vc_column_text][vc_column_text]Nos<strong> deux structures sp\u00e9cialement con\u00e7ues pour l\u2019accueil Petite Enfance<\/strong> mettent \u00e0 disposition une surface int\u00e9rieure de 125 m2 (Les Ecureuils) et 150 m2 (Les Mesanges), donnant chacune sur un ext\u00e9rieur am\u00e9nag\u00e9 et s\u00e9curis\u00e9 d\u2019environ 100 m2.[\/vc_column_text][vc_empty_space][\/vc_column][\/vc_row][vc_row][vc_column][vc_empty_space height=\u00a0\u00bb18&Prime;][\/vc_column][\/vc_row][vc_row el_id=\u00a0\u00bblocaux\u00a0\u00bb css=\u00a0\u00bb.vc_custom_1462921963217{padding-top: 10px !important;padding-right: 10px !important;padding-bottom: 10px !important;padding-left: 10px !important;background-color: #cdd61e !important;border-radius: 5px !important;}\u00a0\u00bb][vc_column][vc_row_inner][vc_column_inner][vc_empty_space][\/vc_column_inner][\/vc_row_inner][vc_row_inner][vc_column_inner width=\u00a0\u00bb1\/4&Prime;][vc_icon icon_fontawesome=\u00a0\u00bbfa fa-home\u00a0\u00bb color=\u00a0\u00bbwhite\u00a0\u00bb size=\u00a0\u00bbxl\u00a0\u00bb align=\u00a0\u00bbcenter\u00a0\u00bb][\/vc_column_inner][vc_column_inner width=\u00a0\u00bb1\/2&Prime;][vc_custom_heading text=\u00a0\u00bbDessine-moi une cabane !\u00a0\u00bb font_container=\u00a0\u00bbtag:h2|text_align:center|color:%23ffffff\u00a0\u00bb google_fonts=\u00a0\u00bbfont_family:Istok%20Web%3Aregular%2Citalic%2C700%2C700italic|font_style:400%20regular%3A400%3Anormal\u00a0\u00bb][\/vc_column_inner][vc_column_inner width=\u00a0\u00bb1\/4&Prime;][vc_icon icon_fontawesome=\u00a0\u00bbfa fa-home\u00a0\u00bb color=\u00a0\u00bbwhite\u00a0\u00bb size=\u00a0\u00bbxl\u00a0\u00bb align=\u00a0\u00bbcenter\u00a0\u00bb][\/vc_column_inner][\/vc_row_inner][vc_row_inner][vc_column_inner][vc_column_text css_animation=\u00a0\u00bbbottom-to-top\u00a0\u00bb]Les b\u00e2timents, de <strong>type maison individuelle<\/strong>, ont \u00e9t\u00e9 <strong>con\u00e7us<\/strong>, r\u00e9alis\u00e9s et am\u00e9nag\u00e9s <strong>sp\u00e9cifiquement pour l\u2019accueil petite enfance<\/strong>. Ils ont \u00e9t\u00e9 pens\u00e9s pour r\u00e9pondre \u00e0 diff\u00e9rents besoins :<\/p>\n<ul>\n<li>proposer un accueil \u00e0 dimension humaine et familiale comparable \u00e0 la \u00ab\u00a0maison de chacun\u00a0\u00bb,<\/li>\n<li>concevoir des espaces \u00ab\u00a0douillets\u00a0\u00bb, \u00a0propices au bien-\u00eatre des enfants, pour les encourager dans \u00a0leurs d\u00e9couvertes et apprentissages ; la salle d&rsquo;activit\u00e9 est notamment r\u00e9fl\u00e9chie pour proposer des espaces d&rsquo;\u00e9veil vari\u00e9s et modulables,<\/li>\n<li>r\u00e9unir l&rsquo;ensemble\u00a0des espaces fonctionnels n\u00e9cessaires \u00e0 l&rsquo;activit\u00e9,<\/li>\n<li>r\u00e9pondre aux diff\u00e9rentes exigences et normes Petite Enfance et \u00c9tablissement recevant du public.<\/li>\n<\/ul>\n<p>[\/vc_column_text][\/vc_column_inner][\/vc_row_inner][vc_row_inner equal_height=\u00a0\u00bbyes\u00a0\u00bb][vc_column_inner width=\u00a0\u00bb1\/2&Prime;][vc_gallery interval=\u00a0\u00bb0&Prime; images=\u00a0\u00bb264,261,263,169,170,168&Prime; img_size=\u00a0\u00bblarge\u00a0\u00bb][\/vc_column_inner][vc_column_inner width=\u00a0\u00bb1\/2&Prime;][vc_column_text css_animation=\u00a0\u00bbright-to-left\u00a0\u00bb]Les micro-cr\u00e8ches disposent de 125 m2 (Les Ecureuils) et 150 m2 (Les M\u00e9sanges) de surface int\u00e9rieure de plain pied.\u00a0 L\u2019ext\u00e9rieur d\u2019environ 100 m2 par structure est constitu\u00e9 d\u2019un jardin am\u00e9nag\u00e9 sp\u00e9cialement con\u00e7u pour permettre aux enfants de s\u2019amuser en toute s\u00e9curit\u00e9 (une partie enherb\u00e9e et un potager \u00e9ducatif) et d\u2019une terrasse \u00e9quip\u00e9e de sol souple donnant sur la salle d\u2019activit\u00e9.<\/p>\n<p>&nbsp;<\/p>\n<p>Pour que l\u2019accueil des enfants soit encore plus agr\u00e9able, les micro-cr\u00e8ches ont \u00e9t\u00e9 implant\u00e9es pour que l\u2019ensemble des pi\u00e8ces de vie\u00a0 b\u00e9n\u00e9ficient d\u2019un ensoleillement maximal et d\u2019un acc\u00e8s privil\u00e9gi\u00e9 vers l\u2019espace ext\u00e9rieur de la micro-cr\u00e8che.\u00a0 L\u2019environnement imm\u00e9diat est tr\u00e8s d\u00e9gag\u00e9, avec notamment un espace vert communal en bordure de terrain, d\u2019une surface de 2500 m2.[\/vc_column_text][\/vc_column_inner][\/vc_row_inner][vc_row_inner][vc_column_inner width=\u00a0\u00bb1\/2&Prime;][vc_column_text css_animation=\u00a0\u00bbleft-to-right\u00a0\u00bb]Proches du centre-ville et du tramway (5 minutes en voiture), de la Rocade (10 minutes en voiture), et\u00a0 <strong>\u00e0 deux pas des centres scolaires Marcel Pagnol et Jules Ferry<\/strong>, les deux structures sont id\u00e9alement situ\u00e9es pour vous faciliter l\u2019acc\u00e8s.<\/p>\n<p>&nbsp;<\/p>\n<p>Des places de parking r\u00e9serv\u00e9es vous permettront de d\u00e9poser et de r\u00e9cup\u00e9rer votre enfant en toute simplicit\u00e9.[\/vc_column_text][\/vc_column_inner][vc_column_inner width=\u00a0\u00bb1\/2&Prime;][vc_gmaps link=\u00a0\u00bb#E-8_JTNDaWZyYW1lJTIwc3JjJTNEJTIyaHR0cHMlM0ElMkYlMkZ3d3cuZ29vZ2xlLmNvbSUyRm1hcHMlMkZlbWJlZCUzRnBiJTNEJTIxMW0xOCUyMTFtMTIlMjExbTMlMjExZDI3ODIuNjY0Njk3MDM4NDk0JTIxMmQ1LjAwOTE4ODM2NjQ0ODM2JTIxM2Q0NS43Nzc5MDk2MzUxMDE0OCUyMTJtMyUyMTFmMCUyMTJmMCUyMTNmMCUyMTNtMiUyMTFpMTAyNCUyMTJpNzY4JTIxNGYxMy4xJTIxM20zJTIxMW0yJTIxMXMweDAlMjUzQTB4MCUyMTJ6TkRYQ3NEUTJKelF3TGpVaVRpQTF3ckF3TUNjek9DNDJJa1UlMjE1ZTAlMjEzbTIlMjExc2ZyJTIxMnNmciUyMTR2MTQ2MTc2OTIxNjk2OCUyMiUyMHdpZHRoJTNEJTIyNjAwJTIyJTIwaGVpZ2h0JTNEJTIyNDUwJTIyJTIwZnJhbWVib3JkZXIlM0QlMjIwJTIyJTIwc3R5bGUlM0QlMjJib3JkZXIlM0EwJTIyJTIwYWxsb3dmdWxsc2NyZWVuJTNFJTNDJTJGaWZyYW1lJTNF\u00a0\u00bb size=\u00a0\u00bb200&Prime;][\/vc_column_inner][\/vc_row_inner][vc_row_inner][vc_column_inner][vc_column_text]Les micro-cr\u00e8ches disposent de tous les espaces n\u00e9cessaires \u00e0 l&rsquo;accueil des enfants, mais \u00e9galement aux activit\u00e9s n\u00e9cessaires au bon fonctionnement de la structure. L\u2019organisation des espaces se d\u00e9cline ainsi :<\/p>\n<ul>\n<li>\u00a0un <strong>espace d&rsquo;accueil<\/strong> disposant de petits casiers individuels pour ranger les affaires personnelles de chacun des enfants,<\/li>\n<li>une <strong>salle d&rsquo;activit\u00e9<\/strong>\u00a0organis\u00e9e en diff\u00e9rentes aires d&rsquo;activit\u00e9 et d&rsquo;\u00e9veil \u00e0 l&rsquo;int\u00e9rieur desquels les enfants pourront se d\u00e9placer librement,<\/li>\n<li><strong>2 espaces sommeil <\/strong>am\u00e9nag\u00e9s avec lits et couchettes,<\/li>\n<li>une\u00a0<strong>cuisine compl\u00e8tement am\u00e9nag\u00e9e<\/strong> en cuisine autonome de restauration collective, pour permettre la <strong>pr\u00e9paration des repas sur place <\/strong>\u00e0 partir de produits frais<strong>,<\/strong><\/li>\n<li>une <strong>salle de change<\/strong> sp\u00e9cialement \u00e9quip\u00e9e pour offrir un espace de change mais aussi des petits toilettes et lave-main pour encourager les enfants dans leur progression vers\u00a0l&rsquo;autonomie,<\/li>\n<li>un <strong>local poussette<\/strong> situ\u00e9 \u00e0 l&rsquo;ext\u00e9rieur de l&rsquo;\u00e9tablissement afin de permettre aux parents de d\u00e9poser sur la journ\u00e9e les poussettes ou nacelles et d&rsquo;\u00e9viter \u00e9galement d&rsquo;encombrer l&rsquo;int\u00e9rieur de la micro-cr\u00e8che,<\/li>\n<li>une buanderie, un bureau, une salle du personnel, et une zone de rangement.<\/li>\n<\/ul>\n<p>[\/vc_column_text][\/vc_column_inner][\/vc_row_inner][vc_row_inner][vc_column_inner width=\u00a0\u00bb1\/2&Prime;][vc_column_text]<\/p>\n<h4 style=\"text-align: center;\"><span style=\"color: #ffffff;\"><strong>Micro-cr\u00e8che Les Ecureuils<\/strong><\/span><\/h4>\n<p>[\/vc_column_text][vc_gallery interval=\u00a0\u00bb0&Prime; images=\u00a0\u00bb176,179,178,177,175,172,171,174,173&Prime; img_size=\u00a0\u00bbmedium\u00a0\u00bb][\/vc_column_inner][vc_column_inner width=\u00a0\u00bb1\/2&Prime;][vc_column_text]<\/p>\n<h4 style=\"text-align: center;\"><span style=\"color: #ffffff;\"><strong>Micro-cr\u00e8che Les M\u00e9sanges<\/strong><\/span><\/h4>\n<p>[\/vc_column_text][vc_gallery interval=\u00a0\u00bb0&Prime; images=\u00a0\u00bb273,266,274,275,268,270&Prime; img_size=\u00a0\u00bbmedium\u00a0\u00bb][\/vc_column_inner][\/vc_row_inner][\/vc_column][\/vc_row][vc_row][vc_column][vc_empty_space height=\u00a0\u00bb18&Prime;][\/vc_column][\/vc_row][vc_row el_id=\u00a0\u00bbhoraires\u00a0\u00bb css=\u00a0\u00bb.vc_custom_1462921982744{background-color: #ec7328 !important;border-radius: 5px !important;}\u00a0\u00bb][vc_column][vc_row_inner][vc_column_inner][vc_empty_space][\/vc_column_inner][\/vc_row_inner][vc_row_inner][vc_column_inner width=\u00a0\u00bb1\/4&Prime;][vc_icon icon_fontawesome=\u00a0\u00bbfa fa-clock-o\u00a0\u00bb color=\u00a0\u00bbwhite\u00a0\u00bb size=\u00a0\u00bbxl\u00a0\u00bb align=\u00a0\u00bbcenter\u00a0\u00bb][\/vc_column_inner][vc_column_inner width=\u00a0\u00bb1\/2&Prime;][vc_custom_heading text=\u00a0\u00bbTic Tac, Tic Tac &#8230;\u00a0\u00bb font_container=\u00a0\u00bbtag:h2|text_align:center|color:%23ffffff\u00a0\u00bb google_fonts=\u00a0\u00bbfont_family:Istok%20Web%3Aregular%2Citalic%2C700%2C700italic|font_style:400%20regular%3A400%3Anormal\u00a0\u00bb][\/vc_column_inner][vc_column_inner width=\u00a0\u00bb1\/4&Prime;][vc_icon icon_fontawesome=\u00a0\u00bbfa fa-clock-o\u00a0\u00bb color=\u00a0\u00bbwhite\u00a0\u00bb size=\u00a0\u00bbxl\u00a0\u00bb align=\u00a0\u00bbcenter\u00a0\u00bb][\/vc_column_inner][\/vc_row_inner][vc_column_text css_animation=\u00a0\u00bbbottom-to-top\u00a0\u00bb]Nous proposons diff\u00e9rentes formules d&rsquo;accueil permettant de r\u00e9pondre aux principaux besoins de garde : accueil r\u00e9gulier \u00e0 temps plein ou \u00e0 temps partiel, accueil occasionnel ou encore accueil d&rsquo;urgence.<\/p>\n<p>Les structures sont ouvertes du lundi au vendredi, de 8h \u00e0 18H30.<\/p>\n<p>Afin d&rsquo;\u00e9viter de perturber le d\u00e9roul\u00e9 de la journ\u00e9e des enfants, l&rsquo;accueil du matin a lieu de 8h \u00e0 9h et les d\u00e9parts du matin ont lieu entre 12h30 et 14h30. L&rsquo;accueil de l&rsquo;apres-midi se d\u00e9roule de 12h30 \u00e0 14h30. Enfin, les parents peuvent venir chercher leur enfant en fin de journ\u00e9e \u00e0 partir de 16h30 et jusqu&rsquo;\u00e0 18h30 (sauf cas d&rsquo;horaires sp\u00e9cifiques mis en place entre la famille et la structure).<\/p>\n<p>Afin de garantir des repas et go\u00fbters pris dans une atmosph\u00e8re calme et sereine, nous souhaitons \u00e9viter les d\u00e9parts des enfants sur les p\u00e9riodes de 11h \u00e0 12h30 \u00a0et de 15h \u00e0 16h.<\/p>\n<p><span style=\"text-decoration: underline;\">Fermetures annuelles:\u00a0<\/span><\/p>\n<p>Ouvertes 47 semaines sur l&rsquo;ann\u00e9e, les micro-cr\u00e8ches sont ferm\u00e9es sur les p\u00e9riodes suivantes:<\/p>\n<ul>\n<li>1 semaine entre No\u00ebl et Nouvel An<\/li>\n<li>1 semaine pendant les vacances de P\u00e2ques<\/li>\n<li>3 semaines en Ao\u00fbt<\/li>\n<\/ul>\n<p>Les micro-cr\u00e8ches sont \u00e9galement ferm\u00e9es lors des jours f\u00e9ri\u00e9s.[\/vc_column_text][\/vc_column][\/vc_row][vc_row][vc_column][vc_empty_space height=\u00a0\u00bb18&Prime;][\/vc_column][\/vc_row][vc_row el_id=\u00a0\u00bbequipe\u00a0\u00bb css=\u00a0\u00bb.vc_custom_1462922087348{background-color: #cdd61e !important;border-radius: 5px !important;}\u00a0\u00bb][vc_column][vc_row_inner][vc_column_inner][vc_empty_space][\/vc_column_inner][\/vc_row_inner][vc_row_inner][vc_column_inner width=\u00a0\u00bb1\/4&Prime;][vc_icon icon_fontawesome=\u00a0\u00bbfa fa-users\u00a0\u00bb color=\u00a0\u00bbwhite\u00a0\u00bb size=\u00a0\u00bbxl\u00a0\u00bb align=\u00a0\u00bbcenter\u00a0\u00bb][\/vc_column_inner][vc_column_inner width=\u00a0\u00bb1\/2&Prime;][vc_custom_heading text=\u00a0\u00bbOn veut des noms !\u00a0\u00bb font_container=\u00a0\u00bbtag:h2|text_align:center|color:%23ffffff\u00a0\u00bb google_fonts=\u00a0\u00bbfont_family:Istok%20Web%3Aregular%2Citalic%2C700%2C700italic|font_style:400%20regular%3A400%3Anormal\u00a0\u00bb][\/vc_column_inner][vc_column_inner width=\u00a0\u00bb1\/4&Prime;][vc_icon icon_fontawesome=\u00a0\u00bbfa fa-users\u00a0\u00bb color=\u00a0\u00bbwhite\u00a0\u00bb size=\u00a0\u00bbxl\u00a0\u00bb align=\u00a0\u00bbcenter\u00a0\u00bb][\/vc_column_inner][\/vc_row_inner][vc_column_text css_animation=\u00a0\u00bbbottom-to-top\u00a0\u00bb]L&rsquo;\u00e9quipe de La Cabane aux Familles est constitu\u00e9e de professionnels dipl\u00f4m\u00e9s et exp\u00e9riment\u00e9s dans le domaine de la Petite Enfance:<\/p>\n<p>B\u00e9atrice est directrice et r\u00e9f\u00e9rente technique des micro-cr\u00e8che les Ecureuils et les M\u00e9sanges.<\/p>\n<p>Pour Les Ecureuils :<\/p>\n<ul>\n<li>Emeline, directrice adjointe d&rsquo;Etat\u00a0 Educatrice de Jeunes Enfants<\/li>\n<li>Clara, animatrice dipl\u00f4m\u00e9e CAP Petite Enfance<\/li>\n<li>Lucie, animatrice dipl\u00f4m\u00e9e \u00a0CAP Petite Enfance<\/li>\n<li>Gizem,\u00a0 animatrice dipl\u00f4m\u00e9e BAC professionnel SAPAT<\/li>\n<li>R\u00e9jane, dipl\u00f4m\u00e9e d&rsquo;Etat Auxiliaire de Pu\u00e9riculture<\/li>\n<li>Aliz\u00e9e, animatrice dipl\u00f4m\u00e9e CAP Petite Enfance<\/li>\n<\/ul>\n<p>Nous accueillons cette ann\u00e9e aux Ecureuils Bertille sur son ann\u00e9e d&rsquo;apprentissage sur la formation CAP AEPE (stagiaire sur 1 an).<\/p>\n<p>Pour Les M\u00e9sanges :<\/p>\n<ul>\n<li>Emeline, directrice adjointe dipl\u00f4m\u00e9e d&rsquo;Etat\u00a0 Educatrice de Jeunes Enfants<\/li>\n<li>Clarisse, dipl\u00f4m\u00e9e d&rsquo;Etat Auxiliaire de Pu\u00e9riculture<\/li>\n<li>Samuel, animateur dipl\u00f4m\u00e9 BAC professionnel SAPAT<\/li>\n<li>Yasmine, animatrice dipl\u00f4m\u00e9e CAP Petite Enfance<\/li>\n<li>Lucie, animatrice dipl\u00f4m\u00e9e CAP Petite Enfance<\/li>\n<li>Aliz\u00e9e, animatrice dipl\u00f4m\u00e9e CAP Petite Enfance<\/li>\n<\/ul>\n<p>Chaque membre de l&rsquo;\u00e9quipe justifie d&rsquo;une \u00a0exp\u00e9rience professionnelle significative dans la petite enfance. Chacun d&rsquo;eux, par son exp\u00e9rience pass\u00e9e mais aussi par son individualit\u00e9, am\u00e8ne ses comp\u00e9tences compl\u00e9mentaires et ses atouts sp\u00e9cifiques aux services de l&rsquo;accueil de votre enfant tout en soutenant un projet p\u00e9dagogique commun d\u00e9fini par la structure.[\/vc_column_text][\/vc_column][\/vc_row][vc_row el_id=\u00a0\u00bbdevis\u00a0\u00bb][vc_column][vc_empty_space][vc_row_inner][vc_column_inner][vc_empty_space][\/vc_column_inner][\/vc_row_inner][\/vc_column][\/vc_row][vc_row css=\u00a0\u00bb.vc_custom_1585752621920{background-color: #ec7328 !important;border-radius: 5px !important;}\u00a0\u00bb][vc_column][vc_row_inner][vc_column_inner][vc_empty_space][\/vc_column_inner][\/vc_row_inner][vc_row_inner][vc_column_inner width=\u00a0\u00bb1\/4&Prime;][vc_icon icon_fontawesome=\u00a0\u00bbfa fa-question-circle-o\u00a0\u00bb color=\u00a0\u00bbwhite\u00a0\u00bb size=\u00a0\u00bbxl\u00a0\u00bb align=\u00a0\u00bbcenter\u00a0\u00bb][\/vc_column_inner][vc_column_inner width=\u00a0\u00bb1\/2&Prime;][vc_custom_heading text=\u00a0\u00bbTent\u00e9s par l&rsquo;aventure ?<br \/>\nIl reste quelques places !!!!\u00a0\u00bb font_container=\u00a0\u00bbtag:h2|text_align:center|color:%23ffffff\u00a0\u00bb google_fonts=\u00a0\u00bbfont_family:Istok%20Web%3Aregular%2Citalic%2C700%2C700italic|font_style:400%20regular%3A400%3Anormal\u00a0\u00bb][\/vc_column_inner][vc_column_inner width=\u00a0\u00bb1\/4&Prime;][vc_icon icon_fontawesome=\u00a0\u00bbfa fa-question-circle-o\u00a0\u00bb color=\u00a0\u00bbwhite\u00a0\u00bb size=\u00a0\u00bbxl\u00a0\u00bb align=\u00a0\u00bbcenter\u00a0\u00bb][\/vc_column_inner][\/vc_row_inner][vc_column_text css_animation=\u00a0\u00bbbottom-to-top\u00a0\u00bb]N&rsquo;h\u00e9sitez pas \u00e0 compl\u00e9ter notre <span style=\"color: #c8e643;\"><a style=\"color: #c8e643;\" href=\"http:\/\/lacabaneauxfamilles.fr\/index.php\/tentes-par-laventure\/\"><strong>formulaire de demande de <strong>dev<\/strong>is<\/strong><\/a><strong>.<\/strong> <\/span>Nous reprendrons contact pour vous faire part des possibilit\u00e9s restantes et vous fournir un devis estimatif.[\/vc_column_text][\/vc_column][\/vc_row][vc_row][vc_column][\/vc_column][\/vc_row]<\/p>\n","protected":false},"excerpt":{"rendered":"<p>[vc_row el_id=\u00a0\u00bbpresentation\u00a0\u00bb css=\u00a0\u00bb.vc_custom_1462921935789{background-color: #ec7328 !important;border-radius: 5px !important;}\u00a0\u00bb][vc_column][vc_row_inner][vc_column_inner][vc_empty_space][\/vc_column_inner][\/vc_row_inner][vc_row_inner][vc_column_inner width=\u00a0\u00bb1\/4&Prime;][vc_icon icon_fontawesome=\u00a0\u00bbfa fa-odnoklassniki\u00a0\u00bb color=\u00a0\u00bbwhite\u00a0\u00bb size=\u00a0\u00bbxl\u00a0\u00bb align=\u00a0\u00bbcenter\u00a0\u00bb][\/vc_column_inner][vc_column_inner width=\u00a0\u00bb1\/2&Prime;][vc_custom_heading text=\u00a0\u00bbLa Cabane aux Familles : kezako ?\u00a0\u00bb font_container=\u00a0\u00bbtag:h2|text_align:left|color:%23ffffff\u00a0\u00bb google_fonts=\u00a0\u00bbfont_family:Istok%20Web%3Aregular%2Citalic%2C700%2C700italic|font_style:400%20regular%3A400%3Anormal\u00a0\u00bb][\/vc_column_inner][vc_column_inner width=\u00a0\u00bb1\/4&Prime;][vc_icon icon_fontawesome=\u00a0\u00bbfa fa-odnoklassniki\u00a0\u00bb color=\u00a0\u00bbwhite\u00a0\u00bb size=\u00a0\u00bbxl\u00a0\u00bb align=\u00a0\u00bbcenter\u00a0\u00bb][\/vc_column_inner][\/vc_row_inner][vc_column_text css_animation=\u00a0\u00bbbottom-to-top\u00a0\u00bb] [&hellip;]<\/p>\n","protected":false},"author":1,"featured_media":0,"parent":0,"menu_order":0,"comment_status":"closed","ping_status":"open","template":"page_fullwidth.php","meta":[],"_links":{"self":[{"href":"https:\/\/lacabaneauxfamilles.fr\/index.php\/wp-json\/wp\/v2\/pages\/2"}],"collection":[{"href":"https:\/\/lacabaneauxfamilles.fr\/index.php\/wp-json\/wp\/v2\/pages"}],"about":[{"href":"https:\/\/lacabaneauxfamilles.fr\/index.php\/wp-json\/wp\/v2\/types\/page"}],"author":[{"embeddable":true,"href":"https:\/\/lacabaneauxfamilles.fr\/index.php\/wp-json\/wp\/v2\/users\/1"}],"replies":[{"embeddable":true,"href":"https:\/\/lacabaneauxfamilles.fr\/index.php\/wp-json\/wp\/v2\/comments?post=2"}],"version-history":[{"count":74,"href":"https:\/\/lacabaneauxfamilles.fr\/index.php\/wp-json\/wp\/v2\/pages\/2\/revisions"}],"predecessor-version":[{"id":317,"href":"https:\/\/lacabaneauxfamilles.fr\/index.php\/wp-json\/wp\/v2\/pages\/2\/revisions\/317"}],"wp:attachment":[{"href":"https:\/\/lacabaneauxfamilles.fr\/index.php\/wp-json\/wp\/v2\/media?parent=2"}],"curies":[{"name":"wp","href":"https:\/\/api.w.org\/{rel}","templated":true}]}}