{"id":194,"date":"2019-03-06T23:59:08","date_gmt":"2019-03-06T22:59:08","guid":{"rendered":"http:\/\/lacabaneauxfamilles.fr\/?page_id=194"},"modified":"2021-05-19T22:11:14","modified_gmt":"2021-05-19T21:11:14","slug":"on-aime","status":"publish","type":"page","link":"https:\/\/lacabaneauxfamilles.fr\/index.php\/on-aime\/","title":{"rendered":"On aime"},"content":{"rendered":"<p>[vc_row css=\u00a0\u00bb.vc_custom_1551914227091{background-color: #ffffff !important;}\u00a0\u00bb][vc_column][vc_text_separator title=\u00a0\u00bbNos partenaires\u00a0\u00bb][vc_row_inner css=\u00a0\u00bb.vc_custom_1470342722212{background-color: #ffffff !important;}\u00a0\u00bb][vc_column_inner width=\u00a0\u00bb1\/3&Prime;][vc_column_text]<a href=\"http:\/\/www.caf.fr\/allocataires\/caf-du-rhone\/coordonnees\"><img loading=\"lazy\" class=\"size-full wp-image-199 aligncenter\" src=\"http:\/\/lacabaneauxfamilles.fr\/wp-content\/uploads\/2016\/08\/CAF-du-rho\u0302ne.jpg\" alt=\"CAF du rho\u0302ne\" width=\"124\" height=\"181\" srcset=\"https:\/\/lacabaneauxfamilles.fr\/wp-content\/uploads\/2016\/08\/CAF-du-rho\u0302ne.jpg 124w, https:\/\/lacabaneauxfamilles.fr\/wp-content\/uploads\/2016\/08\/CAF-du-rho\u0302ne-100x146.jpg 100w\" sizes=\"(max-width: 124px) 100vw, 124px\" \/><\/a><\/p>\n<p><a href=\"http:\/\/www.grandlyon.com\/\"><img loading=\"lazy\" class=\"size-full wp-image-201 aligncenter\" src=\"http:\/\/lacabaneauxfamilles.fr\/wp-content\/uploads\/2016\/08\/Me\u0301tropole-Lyon.jpg\" alt=\"Me\u0301tropole Lyon\" width=\"228\" height=\"47\" srcset=\"https:\/\/lacabaneauxfamilles.fr\/wp-content\/uploads\/2016\/08\/Me\u0301tropole-Lyon.jpg 228w, https:\/\/lacabaneauxfamilles.fr\/wp-content\/uploads\/2016\/08\/Me\u0301tropole-Lyon-150x31.jpg 150w, https:\/\/lacabaneauxfamilles.fr\/wp-content\/uploads\/2016\/08\/Me\u0301tropole-Lyon-100x21.jpg 100w\" sizes=\"(max-width: 228px) 100vw, 228px\" \/><\/a>[\/vc_column_text][\/vc_column_inner][vc_column_inner width=\u00a0\u00bb1\/3&Prime;][vc_column_text]<a href=\"http:\/\/www.meyzieu.fr\/\"><img loading=\"lazy\" class=\"size-medium wp-image-196 aligncenter\" src=\"http:\/\/lacabaneauxfamilles.fr\/wp-content\/uploads\/2016\/08\/Meyzieu-300x78.png\" alt=\"Meyzieu\" width=\"300\" height=\"78\" srcset=\"https:\/\/lacabaneauxfamilles.fr\/wp-content\/uploads\/2016\/08\/Meyzieu-300x78.png 300w, https:\/\/lacabaneauxfamilles.fr\/wp-content\/uploads\/2016\/08\/Meyzieu-400x104.png 400w, https:\/\/lacabaneauxfamilles.fr\/wp-content\/uploads\/2016\/08\/Meyzieu-430x111.png 430w, https:\/\/lacabaneauxfamilles.fr\/wp-content\/uploads\/2016\/08\/Meyzieu-150x39.png 150w, https:\/\/lacabaneauxfamilles.fr\/wp-content\/uploads\/2016\/08\/Meyzieu-100x26.png 100w, https:\/\/lacabaneauxfamilles.fr\/wp-content\/uploads\/2016\/08\/Meyzieu.png 440w\" sizes=\"(max-width: 300px) 100vw, 300px\" \/><\/a><\/p>\n<p><a href=\"http:\/\/www.cidff69.fr\/\"><img loading=\"lazy\" class=\"size-full wp-image-197 aligncenter\" src=\"http:\/\/lacabaneauxfamilles.fr\/wp-content\/uploads\/2016\/08\/Rhone_CIDFF.jpg\" alt=\"Rhone_CIDFF\" width=\"147\" height=\"99\" srcset=\"https:\/\/lacabaneauxfamilles.fr\/wp-content\/uploads\/2016\/08\/Rhone_CIDFF.jpg 147w, https:\/\/lacabaneauxfamilles.fr\/wp-content\/uploads\/2016\/08\/Rhone_CIDFF-100x67.jpg 100w\" sizes=\"(max-width: 147px) 100vw, 147px\" \/><\/a>[\/vc_column_text][\/vc_column_inner][vc_column_inner width=\u00a0\u00bb1\/3&Prime;][vc_column_text]<a href=\"http:\/\/www.rdi.asso.fr\/\"><img loading=\"lazy\" class=\"size-medium wp-image-200 aligncenter\" src=\"http:\/\/lacabaneauxfamilles.fr\/wp-content\/uploads\/2016\/08\/RDI-300x116.jpg\" alt=\"RDI\" width=\"300\" height=\"116\" srcset=\"https:\/\/lacabaneauxfamilles.fr\/wp-content\/uploads\/2016\/08\/RDI-300x116.jpg 300w, https:\/\/lacabaneauxfamilles.fr\/wp-content\/uploads\/2016\/08\/RDI-150x58.jpg 150w, https:\/\/lacabaneauxfamilles.fr\/wp-content\/uploads\/2016\/08\/RDI-100x39.jpg 100w, https:\/\/lacabaneauxfamilles.fr\/wp-content\/uploads\/2016\/08\/RDI.jpg 323w\" sizes=\"(max-width: 300px) 100vw, 300px\" \/><\/a><\/p>\n<p><a href=\"http:\/\/www.ca-centrest.fr\"><img loading=\"lazy\" class=\"size-medium wp-image-198 aligncenter\" src=\"http:\/\/lacabaneauxfamilles.fr\/wp-content\/uploads\/2016\/08\/logo_creditagricole-300x150.png\" alt=\"logo_creditagricole\" width=\"300\" height=\"150\" srcset=\"https:\/\/lacabaneauxfamilles.fr\/wp-content\/uploads\/2016\/08\/logo_creditagricole-300x150.png 300w, https:\/\/lacabaneauxfamilles.fr\/wp-content\/uploads\/2016\/08\/logo_creditagricole-150x75.png 150w, https:\/\/lacabaneauxfamilles.fr\/wp-content\/uploads\/2016\/08\/logo_creditagricole-100x50.png 100w, https:\/\/lacabaneauxfamilles.fr\/wp-content\/uploads\/2016\/08\/logo_creditagricole.png 320w\" sizes=\"(max-width: 300px) 100vw, 300px\" \/><\/a>[\/vc_column_text][\/vc_column_inner][\/vc_row_inner][vc_column_text]<span style=\"color: #000000;\">Un grand merci \u00e0 tous nos partenaires qui nous ont permis de voir le jour et nous accompagnent dans notre activit\u00e9 !<\/span>[\/vc_column_text][vc_text_separator title=\u00a0\u00bbNos coups de coeur\u00a0\u00bb][vc_row_inner][vc_column_inner][vc_column_text]<\/p>\n<ul>\n<li><span style=\"color: #000000;\"><a style=\"color: #000000;\" href=\"https:\/\/www.ecolelavoielactee.fr\/\">La voie lact\u00e9e<\/a> : \u00e9cole alternative ind\u00e9pendante \u00e0 Meyzieu<\/span><\/li>\n<li><span style=\"color: #000000;\"><a style=\"color: #000000;\" href=\"https:\/\/www.cyrillephilippesagefemme.com\/\">Cyrille Philippe<\/a> : sage-femme ma\u00efeuticien \u00e0 Lyon<\/span><\/li>\n<li><span style=\"color: #000000;\"><a style=\"color: #000000;\" href=\"https:\/\/sagesfemmes-meyzieu.org\/\">Eve Silem<\/a> : sage-femme \u00e0 Meyzieu<\/span><\/li>\n<li><span style=\"color: #000000;\"><a style=\"color: #000000;\" href=\"https:\/\/jardinsdevartan.com\/\">Les jardins de Vartan<\/a> : produits frais et locaux, que de la qualit\u00e9 !<\/span><\/li>\n<\/ul>\n<p>[\/vc_column_text][\/vc_column_inner][\/vc_row_inner][\/vc_column][\/vc_row]<\/p>\n","protected":false},"excerpt":{"rendered":"<p>[vc_row css=\u00a0\u00bb.vc_custom_1551914227091{background-color: #ffffff !important;}\u00a0\u00bb][vc_column][vc_text_separator title=\u00a0\u00bbNos partenaires\u00a0\u00bb][vc_row_inner css=\u00a0\u00bb.vc_custom_1470342722212{background-color: #ffffff !important;}\u00a0\u00bb][vc_column_inner width=\u00a0\u00bb1\/3&Prime;][vc_column_text] [\/vc_column_text][\/vc_column_inner][vc_column_inner width=\u00a0\u00bb1\/3&Prime;][vc_column_text] [\/vc_column_text][\/vc_column_inner][vc_column_inner width=\u00a0\u00bb1\/3&Prime;][vc_column_text] [\/vc_column_text][\/vc_column_inner][\/vc_row_inner][vc_column_text]Un grand merci \u00e0 tous nos partenaires qui nous ont permis de voir le jour et [&hellip;]<\/p>\n","protected":false},"author":1,"featured_media":0,"parent":0,"menu_order":0,"comment_status":"closed","ping_status":"closed","template":"","meta":[],"_links":{"self":[{"href":"https:\/\/lacabaneauxfamilles.fr\/index.php\/wp-json\/wp\/v2\/pages\/194"}],"collection":[{"href":"https:\/\/lacabaneauxfamilles.fr\/index.php\/wp-json\/wp\/v2\/pages"}],"about":[{"href":"https:\/\/lacabaneauxfamilles.fr\/index.php\/wp-json\/wp\/v2\/types\/page"}],"author":[{"embeddable":true,"href":"https:\/\/lacabaneauxfamilles.fr\/index.php\/wp-json\/wp\/v2\/users\/1"}],"replies":[{"embeddable":true,"href":"https:\/\/lacabaneauxfamilles.fr\/index.php\/wp-json\/wp\/v2\/comments?post=194"}],"version-history":[{"count":9,"href":"https:\/\/lacabaneauxfamilles.fr\/index.php\/wp-json\/wp\/v2\/pages\/194\/revisions"}],"predecessor-version":[{"id":303,"href":"https:\/\/lacabaneauxfamilles.fr\/index.php\/wp-json\/wp\/v2\/pages\/194\/revisions\/303"}],"wp:attachment":[{"href":"https:\/\/lacabaneauxfamilles.fr\/index.php\/wp-json\/wp\/v2\/media?parent=194"}],"curies":[{"name":"wp","href":"https:\/\/api.w.org\/{rel}","templated":true}]}}